{"id":257,"date":"2019-03-11T20:34:34","date_gmt":"2019-03-11T19:34:34","guid":{"rendered":"https:\/\/tanja-vetter.de\/?page_id=257"},"modified":"2019-03-14T20:10:55","modified_gmt":"2019-03-14T19:10:55","slug":"ueber-mich","status":"publish","type":"page","link":"https:\/\/tanja-vetter.de\/?page_id=257","title":{"rendered":"Startseite"},"content":{"rendered":"\n<p style=\"font-size:25px;text-align:center\"><em><strong>Herzlich  Willkommen!<\/strong><\/em><br><\/p>\n\n\n\n<p style=\"text-align:center\">Ich freue mich Sie auf meiner Seite begr\u00fc\u00dfen zu d\u00fcrfen.<br><br><strong>Ihre Gesundheit und Wohlbefinden steht an erster Stelle! <\/strong><br><br>K\u00f6rperliche Beschwerden haben immer eine Ursache. <br>Mein Ziel ist es, gemeinsam mit Ihnen diese Ursachen zu ergr\u00fcnden <br>und die Beschwerden zu beheben. Ich zeige Ihnen, <br>wie Sie k\u00f6rperlich wieder aktiver werden und sich im Alltag wohler f\u00fchlen.<br><br>Ich lade Sie zu den Kursen<br><br><strong>Osteoporosetraining<\/strong> <br>und <br><strong>Engpassdehnungen nach Liebscher &amp; Bracht<\/strong><br>ein.<br><br>Auch f\u00fcr ein Probetraining sind Sie jederzeit herzlich Willkommen!<br><br>Mit freundlichen Gr\u00fc\u00dfen Ihre<\/p>\n\n\n\n<p style=\"font-size:25px;text-align:center\"><strong><em>Tanja Vetter<\/em><\/strong><\/p>\n\n\n\n<p><\/p>\n","protected":false},"excerpt":{"rendered":"<p>Herzlich Willkommen! Ich freue mich Sie auf meiner Seite begr\u00fc\u00dfen zu d\u00fcrfen. Ihre Gesundheit und Wohlbefinden steht an erster Stelle! K\u00f6rperliche Beschwerden haben immer eine Ursache. Mein Ziel ist es, gemeinsam mit Ihnen diese Ursachen zu ergr\u00fcnden und die Beschwerden zu beheben. Ich zeige Ihnen, wie Sie k\u00f6rperlich wieder aktiver werden und sich im Alltag &hellip; <a href=\"https:\/\/tanja-vetter.de\/?page_id=257\" class=\"more-link\"><span class=\"screen-reader-text\">Startseite<\/span> weiterlesen<\/a><\/p>\n","protected":false},"author":1,"featured_media":0,"parent":0,"menu_order":0,"comment_status":"closed","ping_status":"closed","template":"","meta":{"footnotes":""},"class_list":["post-257","page","type-page","status-publish","hentry"],"_links":{"self":[{"href":"https:\/\/tanja-vetter.de\/index.php?rest_route=\/wp\/v2\/pages\/257","targetHints":{"allow":["GET"]}}],"collection":[{"href":"https:\/\/tanja-vetter.de\/index.php?rest_route=\/wp\/v2\/pages"}],"about":[{"href":"https:\/\/tanja-vetter.de\/index.php?rest_route=\/wp\/v2\/types\/page"}],"author":[{"embeddable":true,"href":"https:\/\/tanja-vetter.de\/index.php?rest_route=\/wp\/v2\/users\/1"}],"replies":[{"embeddable":true,"href":"https:\/\/tanja-vetter.de\/index.php?rest_route=%2Fwp%2Fv2%2Fcomments&post=257"}],"version-history":[{"count":14,"href":"https:\/\/tanja-vetter.de\/index.php?rest_route=\/wp\/v2\/pages\/257\/revisions"}],"predecessor-version":[{"id":295,"href":"https:\/\/tanja-vetter.de\/index.php?rest_route=\/wp\/v2\/pages\/257\/revisions\/295"}],"wp:attachment":[{"href":"https:\/\/tanja-vetter.de\/index.php?rest_route=%2Fwp%2Fv2%2Fmedia&parent=257"}],"curies":[{"name":"wp","href":"https:\/\/api.w.org\/{rel}","templated":true}]}}