{"id":206,"date":"2019-03-10T09:10:25","date_gmt":"2019-03-10T08:10:25","guid":{"rendered":"https:\/\/tanja-vetter.de\/?page_id=206"},"modified":"2019-03-16T18:04:09","modified_gmt":"2019-03-16T17:04:09","slug":"kinesiotape","status":"publish","type":"page","link":"https:\/\/tanja-vetter.de\/","title":{"rendered":"Kinesiotape"},"content":{"rendered":"\n<p style=\"font-size:17px;text-align:left\">Die Muskulatur ist oft Grund f\u00fcr Blockaden, auch ist sie am reibungslosen Funktionieren des Blut- und Lymphkreislaufs beteiligt. Wird die Muskulatur zwangsweise ruhig gestellt, kann es zu St\u00f6rungen in diesen Bereichen kommen. Wird die Haut mit einem elastischen Tape beklebt, erf\u00e4hrt dieser K\u00f6rperteil mit jeder Bewegung eine Mikromassage. Blut- und Lymphfluss werde angeregt und die Heilung beschleunigt. <\/p>\n\n\n\n<div class=\"wp-block-image\"><figure class=\"aligncenter is-resized\"><img loading=\"lazy\" decoding=\"async\" src=\"https:\/\/tanja-vetter.de\/wp-content\/uploads\/2019\/03\/Achillessehne-614x1024.jpg\" alt=\"\" class=\"wp-image-211\" width=\"194\" height=\"324\" srcset=\"https:\/\/tanja-vetter.de\/wp-content\/uploads\/2019\/03\/Achillessehne-614x1024.jpg 614w, https:\/\/tanja-vetter.de\/wp-content\/uploads\/2019\/03\/Achillessehne-180x300.jpg 180w, https:\/\/tanja-vetter.de\/wp-content\/uploads\/2019\/03\/Achillessehne-768x1280.jpg 768w, https:\/\/tanja-vetter.de\/wp-content\/uploads\/2019\/03\/Achillessehne-685x1142.jpg 685w, https:\/\/tanja-vetter.de\/wp-content\/uploads\/2019\/03\/Achillessehne.jpg 960w\" sizes=\"auto, (max-width: 194px) 100vw, 194px\" \/><figcaption>Achillessehnen-Tape<\/figcaption><\/figure><\/div>\n\n\n\n<div class=\"wp-block-image\"><figure class=\"aligncenter is-resized\"><img loading=\"lazy\" decoding=\"async\" src=\"https:\/\/tanja-vetter.de\/wp-content\/uploads\/2019\/03\/R\u00fccken-614x1024.jpg\" alt=\"\" class=\"wp-image-213\" width=\"202\" height=\"337\" srcset=\"https:\/\/tanja-vetter.de\/wp-content\/uploads\/2019\/03\/R\u00fccken-614x1024.jpg 614w, https:\/\/tanja-vetter.de\/wp-content\/uploads\/2019\/03\/R\u00fccken-180x300.jpg 180w, https:\/\/tanja-vetter.de\/wp-content\/uploads\/2019\/03\/R\u00fccken-768x1280.jpg 768w, https:\/\/tanja-vetter.de\/wp-content\/uploads\/2019\/03\/R\u00fccken-685x1142.jpg 685w, https:\/\/tanja-vetter.de\/wp-content\/uploads\/2019\/03\/R\u00fccken.jpg 960w\" sizes=\"auto, (max-width: 202px) 100vw, 202px\" \/><figcaption>Halswirbels\u00e4ulen<br>HWS-Tape<\/figcaption><\/figure><\/div>\n","protected":false},"excerpt":{"rendered":"<p>Die Muskulatur ist oft Grund f\u00fcr Blockaden, auch ist sie am reibungslosen Funktionieren des Blut- und Lymphkreislaufs beteiligt. Wird die Muskulatur zwangsweise ruhig gestellt, kann es zu St\u00f6rungen in diesen Bereichen kommen. Wird die Haut mit einem elastischen Tape beklebt, erf\u00e4hrt dieser K\u00f6rperteil mit jeder Bewegung eine Mikromassage. Blut- und Lymphfluss werde angeregt und die &hellip; <a href=\"https:\/\/tanja-vetter.de\/\" class=\"more-link\"><span class=\"screen-reader-text\">Kinesiotape<\/span> weiterlesen<\/a><\/p>\n","protected":false},"author":1,"featured_media":0,"parent":0,"menu_order":0,"comment_status":"closed","ping_status":"closed","template":"","meta":{"footnotes":""},"class_list":["post-206","page","type-page","status-publish","hentry"],"_links":{"self":[{"href":"https:\/\/tanja-vetter.de\/index.php?rest_route=\/wp\/v2\/pages\/206","targetHints":{"allow":["GET"]}}],"collection":[{"href":"https:\/\/tanja-vetter.de\/index.php?rest_route=\/wp\/v2\/pages"}],"about":[{"href":"https:\/\/tanja-vetter.de\/index.php?rest_route=\/wp\/v2\/types\/page"}],"author":[{"embeddable":true,"href":"https:\/\/tanja-vetter.de\/index.php?rest_route=\/wp\/v2\/users\/1"}],"replies":[{"embeddable":true,"href":"https:\/\/tanja-vetter.de\/index.php?rest_route=%2Fwp%2Fv2%2Fcomments&post=206"}],"version-history":[{"count":12,"href":"https:\/\/tanja-vetter.de\/index.php?rest_route=\/wp\/v2\/pages\/206\/revisions"}],"predecessor-version":[{"id":298,"href":"https:\/\/tanja-vetter.de\/index.php?rest_route=\/wp\/v2\/pages\/206\/revisions\/298"}],"wp:attachment":[{"href":"https:\/\/tanja-vetter.de\/index.php?rest_route=%2Fwp%2Fv2%2Fmedia&parent=206"}],"curies":[{"name":"wp","href":"https:\/\/api.w.org\/{rel}","templated":true}]}}